{"id":126,"date":"2023-09-11T18:37:48","date_gmt":"2023-09-11T16:37:48","guid":{"rendered":"https:\/\/dev.web-lab.cz\/?page_id=126"},"modified":"2023-09-11T19:39:49","modified_gmt":"2023-09-11T17:39:49","slug":"prihlasit-se-k-odberu-novinek","status":"publish","type":"page","link":"http:\/\/malymehrin.cz\/de\/prihlasit-se-k-odberu-novinek\/","title":{"rendered":"Abonnieren Sie unseren Newsletter"},"content":{"rendered":"<div data-elementor-type=\"wp-page\" data-elementor-id=\"126\" class=\"elementor elementor-126\" data-elementor-settings=\"{&quot;ha_cmc_init_switcher&quot;:&quot;no&quot;}\" data-elementor-post-type=\"page\">\n\t\t\t\t\t\t<section class=\"elementor-section elementor-top-section elementor-element elementor-element-7b9972a elementor-section-boxed elementor-section-height-default elementor-section-height-default wpr-particle-no wpr-jarallax-no wpr-parallax-no wpr-sticky-section-no\" data-id=\"7b9972a\" data-element_type=\"section\" data-e-type=\"section\" data-settings=\"{&quot;_ha_eqh_enable&quot;:false}\">\n\t\t\t\t\t\t<div class=\"elementor-container elementor-column-gap-default\">\n\t\t\t\t\t<div class=\"elementor-column elementor-col-100 elementor-top-column elementor-element elementor-element-22e2fac\" data-id=\"22e2fac\" data-element_type=\"column\" data-e-type=\"column\">\n\t\t\t<div class=\"elementor-widget-wrap elementor-element-populated\">\n\t\t\t\t\t\t<section class=\"elementor-section elementor-inner-section elementor-element elementor-element-deaba70 elementor-section-boxed elementor-section-height-default elementor-section-height-default wpr-particle-no wpr-jarallax-no wpr-parallax-no wpr-sticky-section-no\" data-id=\"deaba70\" data-element_type=\"section\" data-e-type=\"section\" data-settings=\"{&quot;_ha_eqh_enable&quot;:false}\">\n\t\t\t\t\t\t<div class=\"elementor-container elementor-column-gap-default\">\n\t\t\t\t\t<div class=\"elementor-column elementor-col-100 elementor-inner-column elementor-element elementor-element-af5a7ea\" data-id=\"af5a7ea\" data-element_type=\"column\" data-e-type=\"column\">\n\t\t\t<div class=\"elementor-widget-wrap elementor-element-populated\">\n\t\t\t\t\t\t<div class=\"elementor-element elementor-element-26492ea elementor-widget elementor-widget-spacer\" data-id=\"26492ea\" data-element_type=\"widget\" data-e-type=\"widget\" data-widget_type=\"spacer.default\">\n\t\t\t\t<div class=\"elementor-widget-container\">\n\t\t\t\t\t\t\t<div class=\"elementor-spacer\">\n\t\t\t<div class=\"elementor-spacer-inner\"><\/div>\n\t\t<\/div>\n\t\t\t\t\t\t<\/div>\n\t\t\t\t<\/div>\n\t\t\t\t<div class=\"elementor-element elementor-element-5ce7c1a elementor-widget elementor-widget-html\" data-id=\"5ce7c1a\" data-element_type=\"widget\" data-e-type=\"widget\" data-widget_type=\"html.default\">\n\t\t\t\t<div class=\"elementor-widget-container\">\n\t\t\t\t\t<form action=\"https:\/\/app.ngemailing.cz\/lists\/rk485gh38tf1f\/subscribe\" method=\"post\">\r\n      <div class=\"box box-primary borderless\">\r\n        <div class=\"box-header\">\r\n          <h3 class=\"box-title\">\r\n           Melden Sie sich f\u00fcr unseren Newsletter an\r\n          <\/h3>\r\n        <\/div>\r\n        <div class=\"box-body\">\r\n          <div class=\"callout callout-info\">\r\n            Wir freuen uns, dass Sie sich f\u00fcr ein Abonnement entschieden haben.<br \/>\r\n            Bitte geben Sie die folgenden Informationen ein, um unsere E-Mails zu abonnieren.<br \/>\r\n            Sie erhalten dann eine E-Mail mit einem Link, \u00fcber den Sie Ihre Anmeldung abschlie\u00dfen k\u00f6nnen. Wir m\u00f6chten nur sicherstellen, dass es sich um Ihre E-Mail handelt und dass sich niemand ohne Ihr Wissen anmeldet.\r\n          <\/div>\r\n          <div class=\"form-group field-text wrap-email\" style=\"display: block\">\r\n            <label for=\"EMAIL\" class=\"required\">E-Mail <span class=\"required\">*<\/span><\/label> <input class=\"form-control field-email field-type-text\" placeholder=\"E-Mail\" type=\"text\" value=\"\" name=\r\n            \"EMAIL\" id=\"EMAIL\" \/>\r\n          <\/div>\r\n          <div class=\"form-group field-text wrap-fname\" style=\"display: block\">\r\n            <label for=\"FNAME\">Name<\/label> <input class=\"form-control field-fname field-type-text\" placeholder=\"Name\" type=\"text\" value=\"\" name=\"FNAME\" id=\"FNAME\" \/>\r\n          <\/div>\r\n          <div class=\"form-group field-text wrap-lname\" style=\"display: block\">\r\n            <label for=\"LNAME\">Nachname<\/label> <input class=\"form-control field-lname field-type-text\" placeholder=\"Nachname\" type=\"text\" value=\"\" name=\"LNAME\" id=\"LNAME\" \/>\r\n          <\/div>\r\n          <div style=\"position: absolute; left: -5000px;\" aria-hidden=\"true\">\r\n            <input type=\"text\" name=\"4319d20602dc0535c07f990b5c383d72f57c8abb\" tabindex=\"-1\" autocomplete=\"4319d20602dc0535c07f990b5c383d72f57c8abb\" value=\"\" \/>\r\n          <\/div>\r\n        <\/div>\r\n        <div class=\"box-footer\">\r\n          <div class=\"pull-right\">\r\n            <input type=\"submit\" class=\"btn btn-primary btn-flat\" name=\"yt0\" value=\"Anmeldung\" \/>\r\n          <\/div>\r\n          <div class=\"clearfix\"><\/div>\r\n        <\/div>\r\n      <\/div>\r\n    <\/form>\t\t\t\t<\/div>\n\t\t\t\t<\/div>\n\t\t\t\t<div class=\"elementor-element elementor-element-a0d321b elementor-widget elementor-widget-spacer\" data-id=\"a0d321b\" data-element_type=\"widget\" data-e-type=\"widget\" data-widget_type=\"spacer.default\">\n\t\t\t\t<div class=\"elementor-widget-container\">\n\t\t\t\t\t\t\t<div class=\"elementor-spacer\">\n\t\t\t<div class=\"elementor-spacer-inner\"><\/div>\n\t\t<\/div>\n\t\t\t\t\t\t<\/div>\n\t\t\t\t<\/div>\n\t\t\t\t\t<\/div>\n\t\t<\/div>\n\t\t\t\t\t<\/div>\n\t\t<\/section>\n\t\t\t\t\t<\/div>\n\t\t<\/div>\n\t\t\t\t\t<\/div>\n\t\t<\/section>\n\t\t\t\t<\/div>","protected":false},"excerpt":{"rendered":"<p>Melden Sie sich f\u00fcr unseren Newsletter an Wir freuen uns, dass Sie sich f\u00fcr ein Abonnement entschieden haben. Bitte f\u00fcllen Sie die folgenden Informationen aus, um unsere E-Mails zu abonnieren. Sie werden dann eine E-Mail mit einem Link erhalten, \u00fcber den Sie Ihre Anmeldung abschlie\u00dfen k\u00f6nnen. Wir m\u00f6chten nur sicherstellen, dass es sich um Ihre E-Mail handelt und dass sich niemand ohne Ihr Wissen anmeldet. E-Mail * Vorname Nachname<\/p>","protected":false},"author":1,"featured_media":0,"parent":0,"menu_order":0,"comment_status":"closed","ping_status":"closed","template":"elementor_header_footer","meta":{"_acf_changed":false,"footnotes":""},"class_list":["post-126","page","type-page","status-publish","hentry"],"acf":[],"_links":{"self":[{"href":"http:\/\/malymehrin.cz\/de\/wp-json\/wp\/v2\/pages\/126","targetHints":{"allow":["GET"]}}],"collection":[{"href":"http:\/\/malymehrin.cz\/de\/wp-json\/wp\/v2\/pages"}],"about":[{"href":"http:\/\/malymehrin.cz\/de\/wp-json\/wp\/v2\/types\/page"}],"author":[{"embeddable":true,"href":"http:\/\/malymehrin.cz\/de\/wp-json\/wp\/v2\/users\/1"}],"replies":[{"embeddable":true,"href":"http:\/\/malymehrin.cz\/de\/wp-json\/wp\/v2\/comments?post=126"}],"version-history":[{"count":4,"href":"http:\/\/malymehrin.cz\/de\/wp-json\/wp\/v2\/pages\/126\/revisions"}],"predecessor-version":[{"id":402,"href":"http:\/\/malymehrin.cz\/de\/wp-json\/wp\/v2\/pages\/126\/revisions\/402"}],"wp:attachment":[{"href":"http:\/\/malymehrin.cz\/de\/wp-json\/wp\/v2\/media?parent=126"}],"curies":[{"name":"wp","href":"https:\/\/api.w.org\/{rel}","templated":true}]}}