{"id":122,"date":"2023-09-11T18:36:47","date_gmt":"2023-09-11T16:36:47","guid":{"rendered":"https:\/\/dev.web-lab.cz\/?page_id=122"},"modified":"2026-02-12T17:29:20","modified_gmt":"2026-02-12T16:29:20","slug":"stala-vystava","status":"publish","type":"page","link":"https:\/\/malymehrin.cz\/de\/stala-vystava\/","title":{"rendered":"Der Siegerentwurf f\u00fcr das Museumsgeb\u00e4ude"},"content":{"rendered":"<div data-elementor-type=\"wp-page\" data-elementor-id=\"122\" class=\"elementor elementor-122\" data-elementor-settings=\"{&quot;ha_cmc_init_switcher&quot;:&quot;no&quot;}\" data-elementor-post-type=\"page\">\n\t\t\t\t\t\t<section class=\"elementor-section elementor-top-section elementor-element elementor-element-42b57bd elementor-section-boxed elementor-section-height-default elementor-section-height-default wpr-particle-no wpr-jarallax-no wpr-parallax-no wpr-sticky-section-no\" data-id=\"42b57bd\" data-element_type=\"section\" data-e-type=\"section\" data-settings=\"{&quot;_ha_eqh_enable&quot;:false}\">\n\t\t\t\t\t\t<div class=\"elementor-container elementor-column-gap-default\">\n\t\t\t\t\t<div class=\"elementor-column elementor-col-100 elementor-top-column elementor-element elementor-element-fbf66ff\" data-id=\"fbf66ff\" data-element_type=\"column\" data-e-type=\"column\">\n\t\t\t<div class=\"elementor-widget-wrap elementor-element-populated\">\n\t\t\t\t\t\t<div class=\"elementor-element elementor-element-1f045ca elementor-widget elementor-widget-spacer\" data-id=\"1f045ca\" data-element_type=\"widget\" data-e-type=\"widget\" data-widget_type=\"spacer.default\">\n\t\t\t\t<div class=\"elementor-widget-container\">\n\t\t\t\t\t\t\t<div class=\"elementor-spacer\">\n\t\t\t<div class=\"elementor-spacer-inner\"><\/div>\n\t\t<\/div>\n\t\t\t\t\t\t<\/div>\n\t\t\t\t<\/div>\n\t\t\t\t<section class=\"elementor-section elementor-inner-section elementor-element elementor-element-b64a27c elementor-section-boxed elementor-section-height-default elementor-section-height-default wpr-particle-no wpr-jarallax-no wpr-parallax-no wpr-sticky-section-no\" data-id=\"b64a27c\" data-element_type=\"section\" data-e-type=\"section\" data-settings=\"{&quot;_ha_eqh_enable&quot;:false}\">\n\t\t\t\t\t\t<div class=\"elementor-container elementor-column-gap-default\">\n\t\t\t\t\t<div class=\"elementor-column elementor-col-50 elementor-inner-column elementor-element elementor-element-fe4f741\" data-id=\"fe4f741\" data-element_type=\"column\" data-e-type=\"column\">\n\t\t\t<div class=\"elementor-widget-wrap elementor-element-populated\">\n\t\t\t\t\t\t<div class=\"elementor-element elementor-element-442761d elementor-widget elementor-widget-heading\" data-id=\"442761d\" data-element_type=\"widget\" data-e-type=\"widget\" data-widget_type=\"heading.default\">\n\t\t\t\t<div class=\"elementor-widget-container\">\n\t\t\t\t\t<h2 class=\"elementor-heading-title elementor-size-default\">Der Siegerentwurf f\u00fcr das Museumsgeb\u00e4ude<\/h2>\t\t\t\t<\/div>\n\t\t\t\t<\/div>\n\t\t\t\t<div class=\"elementor-element elementor-element-5e49a28 elementor-widget elementor-widget-spacer\" data-id=\"5e49a28\" data-element_type=\"widget\" data-e-type=\"widget\" data-widget_type=\"spacer.default\">\n\t\t\t\t<div class=\"elementor-widget-container\">\n\t\t\t\t\t\t\t<div class=\"elementor-spacer\">\n\t\t\t<div class=\"elementor-spacer-inner\"><\/div>\n\t\t<\/div>\n\t\t\t\t\t\t<\/div>\n\t\t\t\t<\/div>\n\t\t\t\t<div class=\"elementor-element elementor-element-8fd736d elementor-widget elementor-widget-text-editor\" data-id=\"8fd736d\" data-element_type=\"widget\" data-e-type=\"widget\" data-widget_type=\"text-editor.default\">\n\t\t\t\t<div class=\"elementor-widget-container\">\n\t\t\t\t\t\t\t\t\t<p>Internationaler Wettbewerb f\u00fcr das n\u00e4chste Geb\u00e4ude des M\u00e4hrisch-J\u00fcdischen Museums Mehrin<br \/>vier weltweit f\u00fchrende Architekturb\u00fcros: Bjarke Ingels Group (DK), MVRDV (NL), Cino Zucchi<br \/>Die neunk\u00f6pfige Jury unter dem Vorsitz des Architekten Josef Pleskot vergab den Sieg einstimmig an den japanischen Architekten, der nach Ansicht der Jury \"die gr\u00f6\u00dfte inhaltliche und formale Offenheit\" bot und damit die Erwartungen des Auftraggebers am besten erf\u00fcllte. Unsere Dauerausstellung bietet mehrere gro\u00dfformatige Visualisierungen des Entwurfs sowie ein 3D-Modell. Au\u00dferdem gibt es ein sehr interessantes Interview mit dem Architekten Kengo Kuma, der uns eine Vorschau auf den Wettbewerb gegeben hat.<br \/>der Er\u00f6ffnung der Ausstellung der Wettbewerbsentw\u00fcrfe in der Architekturgalerie in Br\u00fcnn, wo er dar\u00fcber spricht, warum<br \/>diese L\u00f6sung f\u00fcr Br\u00fcnn gew\u00e4hlt hat, sondern auch ganz allgemein \u00fcber die Funktionen, die das Museum erf\u00fcllen sollte<br \/>im 21. Jahrhundert. Das Interview wird auf Englisch mit tschechischen Untertiteln gef\u00fchrt.<\/p>\t\t\t\t\t\t\t\t<\/div>\n\t\t\t\t<\/div>\n\t\t\t\t\t<\/div>\n\t\t<\/div>\n\t\t\t\t<div class=\"elementor-column elementor-col-50 elementor-inner-column elementor-element elementor-element-09fd4f3\" data-id=\"09fd4f3\" data-element_type=\"column\" data-e-type=\"column\">\n\t\t\t<div class=\"elementor-widget-wrap elementor-element-populated\">\n\t\t\t\t\t\t<div class=\"elementor-element elementor-element-e8c12ed elementor-invisible elementor-widget elementor-widget-image\" data-id=\"e8c12ed\" data-element_type=\"widget\" data-e-type=\"widget\" data-settings=\"{&quot;_animation&quot;:&quot;fadeInRight&quot;}\" data-widget_type=\"image.default\">\n\t\t\t\t<div class=\"elementor-widget-container\">\n\t\t\t\t\t\t\t\t\t\t\t\t\t\t\t<img fetchpriority=\"high\" decoding=\"async\" width=\"465\" height=\"562\" src=\"https:\/\/malymehrin.cz\/wp-content\/uploads\/2023\/09\/MEHRIN_a_Graphic1-zmens.jpeg\" class=\"attachment-full size-full wp-image-347\" alt=\"\" srcset=\"https:\/\/malymehrin.cz\/wp-content\/uploads\/2023\/09\/MEHRIN_a_Graphic1-zmens.jpeg 465w, https:\/\/malymehrin.cz\/wp-content\/uploads\/2023\/09\/MEHRIN_a_Graphic1-zmens-248x300.jpeg 248w, https:\/\/malymehrin.cz\/wp-content\/uploads\/2023\/09\/MEHRIN_a_Graphic1-zmens-10x12.jpeg 10w\" sizes=\"(max-width: 465px) 100vw, 465px\" \/>\t\t\t\t\t\t\t\t\t\t\t\t\t\t\t<\/div>\n\t\t\t\t<\/div>\n\t\t\t\t\t<\/div>\n\t\t<\/div>\n\t\t\t\t\t<\/div>\n\t\t<\/section>\n\t\t\t\t<div class=\"elementor-element elementor-element-48129f5 elementor-widget elementor-widget-spacer\" data-id=\"48129f5\" data-element_type=\"widget\" data-e-type=\"widget\" data-widget_type=\"spacer.default\">\n\t\t\t\t<div class=\"elementor-widget-container\">\n\t\t\t\t\t\t\t<div class=\"elementor-spacer\">\n\t\t\t<div class=\"elementor-spacer-inner\"><\/div>\n\t\t<\/div>\n\t\t\t\t\t\t<\/div>\n\t\t\t\t<\/div>\n\t\t\t\t\t<\/div>\n\t\t<\/div>\n\t\t\t\t\t<\/div>\n\t\t<\/section>\n\t\t\t\t<\/div>","protected":false},"excerpt":{"rendered":"<p>Der Siegerentwurf des Museumsgeb\u00e4udes An dem internationalen Wettbewerb f\u00fcr das n\u00e4chste Geb\u00e4ude des M\u00e4hrischen J\u00fcdischen Museums Mehrin nahmen vier weltweit f\u00fchrende Architekturb\u00fcros teil: die Bjarke Ingels Group (DK), MVRDV (NL), Cino ZucchiArchitetti (IT) und Kengo Kuma &amp; Associates (JP). Die neunk\u00f6pfige Jury unter dem Vorsitz des Architekten Josef Pleskot vergab den Sieg schlie\u00dflich einstimmig an den japanischen Architekten, der nach Ansicht der Jury mit seiner L\u00f6sung die \"gr\u00f6\u00dfte inhaltliche und formale Offenheit\" bot und damit die Erwartungen des Auftraggebers am besten erf\u00fcllte. Unsere Dauerausstellung bietet mehrere gro\u00dfformatige Visualisierungen des Entwurfs sowie ein 3D-Modell. Es gibt auch ein sehr interessantes Interview mit dem Architekten Kengo Kuma, der uns vor der Er\u00f6ffnung der Ausstellung der Wettbewerbsentw\u00fcrfe in der Architekturgalerie in Br\u00fcnn einlud, in dem er dar\u00fcber spricht, warum er diese L\u00f6sung f\u00fcr Br\u00fcnn gew\u00e4hlt hat, aber auch ganz allgemein \u00fcber die Funktionen, die ein Museum im 21. Das Interview wird auf Englisch gef\u00fchrt und ist mit tschechischen Untertiteln versehen.<\/p>","protected":false},"author":1,"featured_media":0,"parent":0,"menu_order":0,"comment_status":"closed","ping_status":"closed","template":"elementor_header_footer","meta":{"_acf_changed":false,"footnotes":""},"class_list":["post-122","page","type-page","status-publish","hentry"],"acf":[],"_links":{"self":[{"href":"https:\/\/malymehrin.cz\/de\/wp-json\/wp\/v2\/pages\/122","targetHints":{"allow":["GET"]}}],"collection":[{"href":"https:\/\/malymehrin.cz\/de\/wp-json\/wp\/v2\/pages"}],"about":[{"href":"https:\/\/malymehrin.cz\/de\/wp-json\/wp\/v2\/types\/page"}],"author":[{"embeddable":true,"href":"https:\/\/malymehrin.cz\/de\/wp-json\/wp\/v2\/users\/1"}],"replies":[{"embeddable":true,"href":"https:\/\/malymehrin.cz\/de\/wp-json\/wp\/v2\/comments?post=122"}],"version-history":[{"count":21,"href":"https:\/\/malymehrin.cz\/de\/wp-json\/wp\/v2\/pages\/122\/revisions"}],"predecessor-version":[{"id":3605,"href":"https:\/\/malymehrin.cz\/de\/wp-json\/wp\/v2\/pages\/122\/revisions\/3605"}],"wp:attachment":[{"href":"https:\/\/malymehrin.cz\/de\/wp-json\/wp\/v2\/media?parent=122"}],"curies":[{"name":"wp","href":"https:\/\/api.w.org\/{rel}","templated":true}]}}