{"id":124,"date":"2023-09-11T18:37:15","date_gmt":"2023-09-11T16:37:15","guid":{"rendered":"https:\/\/dev.web-lab.cz\/?page_id=124"},"modified":"2026-02-12T17:28:51","modified_gmt":"2026-02-12T16:28:51","slug":"podporte-projekt-mehrin","status":"publish","type":"page","link":"https:\/\/malymehrin.cz\/de\/podporte-projekt-mehrin\/","title":{"rendered":"Unterst\u00fctzen Sie das Projekt Mehrin"},"content":{"rendered":"<div data-elementor-type=\"wp-page\" data-elementor-id=\"124\" class=\"elementor elementor-124\" data-elementor-settings=\"{&quot;ha_cmc_init_switcher&quot;:&quot;no&quot;}\" data-elementor-post-type=\"page\">\n\t\t\t\t\t\t<section class=\"elementor-section elementor-top-section elementor-element elementor-element-3dad39c elementor-section-boxed elementor-section-height-default elementor-section-height-default wpr-particle-no wpr-jarallax-no wpr-parallax-no wpr-sticky-section-no\" data-id=\"3dad39c\" data-element_type=\"section\" data-e-type=\"section\" data-settings=\"{&quot;_ha_eqh_enable&quot;:false}\">\n\t\t\t\t\t\t<div class=\"elementor-container elementor-column-gap-default\">\n\t\t\t\t\t<div class=\"elementor-column elementor-col-100 elementor-top-column elementor-element elementor-element-d293ec4\" data-id=\"d293ec4\" data-element_type=\"column\" data-e-type=\"column\">\n\t\t\t<div class=\"elementor-widget-wrap elementor-element-populated\">\n\t\t\t\t\t\t<div class=\"elementor-element elementor-element-f3e926e elementor-widget elementor-widget-spacer\" data-id=\"f3e926e\" data-element_type=\"widget\" data-e-type=\"widget\" data-widget_type=\"spacer.default\">\n\t\t\t\t<div class=\"elementor-widget-container\">\n\t\t\t\t\t\t\t<div class=\"elementor-spacer\">\n\t\t\t<div class=\"elementor-spacer-inner\"><\/div>\n\t\t<\/div>\n\t\t\t\t\t\t<\/div>\n\t\t\t\t<\/div>\n\t\t\t\t\t<\/div>\n\t\t<\/div>\n\t\t\t\t\t<\/div>\n\t\t<\/section>\n\t\t\t\t<section class=\"elementor-section elementor-top-section elementor-element elementor-element-ebba2be elementor-section-boxed elementor-section-height-default elementor-section-height-default wpr-particle-no wpr-jarallax-no wpr-parallax-no wpr-sticky-section-no\" data-id=\"ebba2be\" data-element_type=\"section\" data-e-type=\"section\" data-settings=\"{&quot;_ha_eqh_enable&quot;:false}\">\n\t\t\t\t\t\t<div class=\"elementor-container elementor-column-gap-default\">\n\t\t\t\t\t<div class=\"elementor-column elementor-col-50 elementor-top-column elementor-element elementor-element-9e097e1\" data-id=\"9e097e1\" data-element_type=\"column\" data-e-type=\"column\">\n\t\t\t<div class=\"elementor-widget-wrap elementor-element-populated\">\n\t\t\t\t\t\t<div class=\"elementor-element elementor-element-8b9c610 elementor-widget elementor-widget-text-editor\" data-id=\"8b9c610\" data-element_type=\"widget\" data-e-type=\"widget\" data-widget_type=\"text-editor.default\">\n\t\t\t\t<div class=\"elementor-widget-container\">\n\t\t\t\t\t\t\t\t\t<h1 class=\"widget-title\">Unterst\u00fctzen Sie das MEHRIN-Projekt<\/h1><ul><li>5.000 CZK f\u00fcr die Anschaffung neuer Sammlungsst\u00fccke f\u00fcr das J\u00fcdische Museum<\/li><li>1.000 CZK helfen dem Verlag Mehrin bei der Herausgabe von B\u00fcchern, die das Schicksal der m\u00e4hrischen Juden darstellen<\/li><\/ul><div class=\"widget-description\"><ul><li>500 CZK helfen unseren externen Mitarbeitern bei der Vorbereitung attraktiver Ausstellungen und anderer Veranstaltungen<\/li><li>100 CZK tragen dazu bei, dass der Eintrittspreis f\u00fcr das J\u00fcdische Museum auf einem symbolischen Niveau bleibt<\/li><\/ul><p>Das Projekt wird von freiwilligen Spendern unterst\u00fctzt, und Sie k\u00f6nnen sich ihnen anschlie\u00dfen! Wir danken Ihnen!<\/p><\/div>\t\t\t\t\t\t\t\t<\/div>\n\t\t\t\t<\/div>\n\t\t\t\t<div class=\"elementor-element elementor-element-f0a26bb elementor-widget elementor-widget-heading\" data-id=\"f0a26bb\" data-element_type=\"widget\" data-e-type=\"widget\" data-widget_type=\"heading.default\">\n\t\t\t\t<div class=\"elementor-widget-container\">\n\t\t\t\t\t<div class=\"elementor-heading-title elementor-size-default\">Konto-Nr.<\/div>\t\t\t\t<\/div>\n\t\t\t\t<\/div>\n\t\t\t\t<div class=\"elementor-element elementor-element-8cf4c4d elementor-widget elementor-widget-heading\" data-id=\"8cf4c4d\" data-element_type=\"widget\" data-e-type=\"widget\" data-widget_type=\"heading.default\">\n\t\t\t\t<div class=\"elementor-widget-container\">\n\t\t\t\t\t<h2 class=\"elementor-heading-title elementor-size-default\">2402615824\/2010<\/h2>\t\t\t\t<\/div>\n\t\t\t\t<\/div>\n\t\t\t\t\t<\/div>\n\t\t<\/div>\n\t\t\t\t<div class=\"elementor-column elementor-col-50 elementor-top-column elementor-element elementor-element-746ca55\" data-id=\"746ca55\" data-element_type=\"column\" data-e-type=\"column\">\n\t\t\t<div class=\"elementor-widget-wrap elementor-element-populated\">\n\t\t\t\t\t\t<div class=\"elementor-element elementor-element-78c3b9e elementor-widget elementor-widget-image\" data-id=\"78c3b9e\" data-element_type=\"widget\" data-e-type=\"widget\" data-widget_type=\"image.default\">\n\t\t\t\t<div class=\"elementor-widget-container\">\n\t\t\t\t\t\t\t\t\t\t\t\t\t\t\t<img fetchpriority=\"high\" decoding=\"async\" width=\"512\" height=\"512\" src=\"https:\/\/malymehrin.cz\/wp-content\/uploads\/2023\/11\/QR-code_VerSb-NF-MEHRIN-1.png\" class=\"attachment-large size-large wp-image-1972\" alt=\"\" srcset=\"https:\/\/malymehrin.cz\/wp-content\/uploads\/2023\/11\/QR-code_VerSb-NF-MEHRIN-1.png 512w, https:\/\/malymehrin.cz\/wp-content\/uploads\/2023\/11\/QR-code_VerSb-NF-MEHRIN-1-300x300.png 300w, https:\/\/malymehrin.cz\/wp-content\/uploads\/2023\/11\/QR-code_VerSb-NF-MEHRIN-1-150x150.png 150w, https:\/\/malymehrin.cz\/wp-content\/uploads\/2023\/11\/QR-code_VerSb-NF-MEHRIN-1-12x12.png 12w\" sizes=\"(max-width: 512px) 100vw, 512px\" \/>\t\t\t\t\t\t\t\t\t\t\t\t\t\t\t<\/div>\n\t\t\t\t<\/div>\n\t\t\t\t\t<\/div>\n\t\t<\/div>\n\t\t\t\t\t<\/div>\n\t\t<\/section>\n\t\t\t\t<\/div>","protected":false},"excerpt":{"rendered":"<p>Unterst\u00fctzen Sie das Projekt MEHRIN 5.000 CZK helfen bei der Anschaffung neuer Sammlungsst\u00fccke f\u00fcr das J\u00fcdische Museum 1.000 CZK helfen dem Verlag Mehrin bei der Herausgabe von B\u00fcchern, die das Schicksal der m\u00e4hrischen Juden darstellen 500 CZK helfen unseren externen Mitarbeitern bei der Vorbereitung attraktiver Ausstellungen und anderer Veranstaltungen 100 CZK helfen, den Eintrittspreis f\u00fcr das J\u00fcdische Museum auf einem symbolischen Niveau zu halten Das Projekt wird von freiwilligen Spendern unterst\u00fctzt, und Sie k\u00f6nnen sich ihnen anschlie\u00dfen! Vielen Dank! Konto Nr. 2402615824\/2010<\/p>","protected":false},"author":1,"featured_media":0,"parent":0,"menu_order":0,"comment_status":"closed","ping_status":"closed","template":"elementor_header_footer","meta":{"_acf_changed":false,"footnotes":""},"class_list":["post-124","page","type-page","status-publish","hentry"],"acf":[],"_links":{"self":[{"href":"https:\/\/malymehrin.cz\/de\/wp-json\/wp\/v2\/pages\/124","targetHints":{"allow":["GET"]}}],"collection":[{"href":"https:\/\/malymehrin.cz\/de\/wp-json\/wp\/v2\/pages"}],"about":[{"href":"https:\/\/malymehrin.cz\/de\/wp-json\/wp\/v2\/types\/page"}],"author":[{"embeddable":true,"href":"https:\/\/malymehrin.cz\/de\/wp-json\/wp\/v2\/users\/1"}],"replies":[{"embeddable":true,"href":"https:\/\/malymehrin.cz\/de\/wp-json\/wp\/v2\/comments?post=124"}],"version-history":[{"count":13,"href":"https:\/\/malymehrin.cz\/de\/wp-json\/wp\/v2\/pages\/124\/revisions"}],"predecessor-version":[{"id":3599,"href":"https:\/\/malymehrin.cz\/de\/wp-json\/wp\/v2\/pages\/124\/revisions\/3599"}],"wp:attachment":[{"href":"https:\/\/malymehrin.cz\/de\/wp-json\/wp\/v2\/media?parent=124"}],"curies":[{"name":"wp","href":"https:\/\/api.w.org\/{rel}","templated":true}]}}