{"id":128,"date":"2023-09-11T18:38:08","date_gmt":"2023-09-11T16:38:08","guid":{"rendered":"https:\/\/dev.web-lab.cz\/?page_id=128"},"modified":"2026-02-24T20:49:28","modified_gmt":"2026-02-24T19:49:28","slug":"aktualni-vystava","status":"publish","type":"page","link":"https:\/\/malymehrin.cz\/ru\/aktualni-vystava\/","title":{"rendered":"\u0422\u0435\u043a\u0443\u0449\u0430\u044f \u0432\u044b\u0441\u0442\u0430\u0432\u043a\u0430"},"content":{"rendered":"\t\t<div data-elementor-type=\"wp-page\" data-elementor-id=\"128\" class=\"elementor elementor-128\" data-elementor-settings=\"{&quot;ha_cmc_init_switcher&quot;:&quot;no&quot;}\" data-elementor-post-type=\"page\">\n\t\t\t\t\t\t<section class=\"elementor-section elementor-top-section elementor-element elementor-element-8e7890c elementor-section-full_width elementor-section-height-default elementor-section-height-default wpr-particle-no wpr-jarallax-no wpr-parallax-no wpr-sticky-section-no\" data-id=\"8e7890c\" data-element_type=\"section\" data-e-type=\"section\" data-settings=\"{&quot;_ha_eqh_enable&quot;:false}\">\n\t\t\t\t\t\t<div class=\"elementor-container elementor-column-gap-no\">\n\t\t\t\t\t<div class=\"elementor-column elementor-col-100 elementor-top-column elementor-element elementor-element-d9c3bff\" data-id=\"d9c3bff\" data-element_type=\"column\" data-e-type=\"column\">\n\t\t\t<div class=\"elementor-widget-wrap elementor-element-populated\">\n\t\t\t\t\t\t<div class=\"elementor-element elementor-element-8190e41 elementor-grid-1 elementor-grid-tablet-2 elementor-grid-mobile-1 elementor-widget elementor-widget-loop-grid\" data-id=\"8190e41\" data-element_type=\"widget\" data-e-type=\"widget\" data-settings=\"{&quot;template_id&quot;:&quot;3629&quot;,&quot;columns&quot;:1,&quot;_skin&quot;:&quot;post&quot;,&quot;columns_tablet&quot;:&quot;2&quot;,&quot;columns_mobile&quot;:&quot;1&quot;,&quot;edit_handle_selector&quot;:&quot;[data-elementor-type=\\&quot;loop-item\\&quot;]&quot;,&quot;row_gap&quot;:{&quot;unit&quot;:&quot;px&quot;,&quot;size&quot;:&quot;&quot;,&quot;sizes&quot;:[]},&quot;row_gap_tablet&quot;:{&quot;unit&quot;:&quot;px&quot;,&quot;size&quot;:&quot;&quot;,&quot;sizes&quot;:[]},&quot;row_gap_mobile&quot;:{&quot;unit&quot;:&quot;px&quot;,&quot;size&quot;:&quot;&quot;,&quot;sizes&quot;:[]}}\" data-widget_type=\"loop-grid.post\">\n\t\t\t\t<div class=\"elementor-widget-container\">\n\t\t\t\t\t\t\t<div class=\"elementor-loop-container elementor-grid\" role=\"list\">\n\t\t<style id=\"loop-3629\">.elementor-3629 .elementor-element.elementor-element-7c2a15f:not(.elementor-motion-effects-element-type-background), .elementor-3629 .elementor-element.elementor-element-7c2a15f > .elementor-motion-effects-container > .elementor-motion-effects-layer{background-color:var( --e-global-color-secondary );}.elementor-3629 .elementor-element.elementor-element-7c2a15f{transition:background 0.3s, border 0.3s, border-radius 0.3s, box-shadow 0.3s;}.elementor-3629 .elementor-element.elementor-element-7c2a15f > .elementor-background-overlay{transition:background 0.3s, border-radius 0.3s, opacity 0.3s;}.elementor-3629 .elementor-element.elementor-element-75917e8{--spacer-size:40px;}.elementor-widget-heading .elementor-heading-title{font-family:var( --e-global-typography-primary-font-family ), Sans-serif;font-size:var( --e-global-typography-primary-font-size );font-weight:var( --e-global-typography-primary-font-weight );text-transform:var( --e-global-typography-primary-text-transform );text-decoration:var( --e-global-typography-primary-text-decoration );color:var( --e-global-color-primary );}.elementor-3629 .elementor-element.elementor-element-85bf3dd{text-align:center;}.elementor-3629 .elementor-element.elementor-element-85bf3dd .elementor-heading-title{font-family:var( --e-global-typography-primary-font-family ), Sans-serif;font-size:var( --e-global-typography-primary-font-size );font-weight:var( --e-global-typography-primary-font-weight );text-transform:var( --e-global-typography-primary-text-transform );text-decoration:var( --e-global-typography-primary-text-decoration );color:var( --e-global-color-text );}.elementor-3629 .elementor-element.elementor-element-c4f5eaa{text-align:center;}.elementor-3629 .elementor-element.elementor-element-c4f5eaa .elementor-heading-title{font-family:var( --e-global-typography-secondary-font-family ), Sans-serif;font-size:var( --e-global-typography-secondary-font-size );font-weight:var( --e-global-typography-secondary-font-weight );text-transform:var( --e-global-typography-secondary-text-transform );text-decoration:var( --e-global-typography-secondary-text-decoration );line-height:var( --e-global-typography-secondary-line-height );color:var( --e-global-color-primary );}.elementor-3629 .elementor-element.elementor-element-c4f5eaa > .elementor-widget-container{padding:0px 0px 0px 0px;}.elementor-3629 .elementor-element.elementor-element-71d232a{--spacer-size:20px;}.elementor-3629 .elementor-element.elementor-element-e66b9cd:not(.elementor-motion-effects-element-type-background), .elementor-3629 .elementor-element.elementor-element-e66b9cd > .elementor-motion-effects-container > .elementor-motion-effects-layer{background-color:var( --e-global-color-primary );}.elementor-3629 .elementor-element.elementor-element-e66b9cd{transition:background 0.3s, border 0.3s, border-radius 0.3s, box-shadow 0.3s;}.elementor-3629 .elementor-element.elementor-element-e66b9cd > .elementor-background-overlay{transition:background 0.3s, border-radius 0.3s, opacity 0.3s;}.elementor-3629 .elementor-element.elementor-element-f81ddaa{--spacer-size:40px;}.elementor-widget-text-editor{font-family:var( --e-global-typography-text-font-family ), Sans-serif;font-size:var( --e-global-typography-text-font-size );font-weight:var( --e-global-typography-text-font-weight );text-transform:var( --e-global-typography-text-text-transform );text-decoration:var( --e-global-typography-text-text-decoration );color:var( --e-global-color-text );}.elementor-widget-text-editor.elementor-drop-cap-view-stacked .elementor-drop-cap{background-color:var( --e-global-color-primary );}.elementor-widget-text-editor.elementor-drop-cap-view-framed .elementor-drop-cap, .elementor-widget-text-editor.elementor-drop-cap-view-default .elementor-drop-cap{color:var( --e-global-color-primary );border-color:var( --e-global-color-primary );}.elementor-3629 .elementor-element.elementor-element-031d497{text-align:start;font-family:var( --e-global-typography-primary-font-family ), Sans-serif;font-size:var( --e-global-typography-primary-font-size );font-weight:var( --e-global-typography-primary-font-weight );text-transform:var( --e-global-typography-primary-text-transform );text-decoration:var( --e-global-typography-primary-text-decoration );color:var( --e-global-color-secondary );}.elementor-widget-image .widget-image-caption{color:var( --e-global-color-text );font-family:var( --e-global-typography-text-font-family ), Sans-serif;font-size:var( --e-global-typography-text-font-size );font-weight:var( --e-global-typography-text-font-weight );text-transform:var( --e-global-typography-text-text-transform );text-decoration:var( --e-global-typography-text-text-decoration );}.elementor-3629 .elementor-element.elementor-element-d5606ae{width:var( --container-widget-width, 81.629% );max-width:81.629%;--container-widget-width:81.629%;--container-widget-flex-grow:0;}.elementor-3629 .elementor-element.elementor-element-d00ad68{--spacer-size:50px;}.elementor-3629 .elementor-element.elementor-element-08210fe{--spacer-size:50px;}@media(min-width:768px){.elementor-3629 .elementor-element.elementor-element-5b26b17{width:64.735%;}.elementor-3629 .elementor-element.elementor-element-455d34d{width:35.178%;}}@media(max-width:1024px){.elementor-widget-heading .elementor-heading-title{font-size:var( --e-global-typography-primary-font-size );}.elementor-3629 .elementor-element.elementor-element-85bf3dd .elementor-heading-title{font-size:var( --e-global-typography-primary-font-size );}.elementor-3629 .elementor-element.elementor-element-c4f5eaa .elementor-heading-title{font-size:var( --e-global-typography-secondary-font-size );line-height:var( --e-global-typography-secondary-line-height );}.elementor-widget-text-editor{font-size:var( --e-global-typography-text-font-size );}.elementor-3629 .elementor-element.elementor-element-031d497{font-size:var( --e-global-typography-primary-font-size );}.elementor-widget-image .widget-image-caption{font-size:var( --e-global-typography-text-font-size );}}@media(max-width:767px){.elementor-widget-heading .elementor-heading-title{font-size:var( --e-global-typography-primary-font-size );}.elementor-3629 .elementor-element.elementor-element-85bf3dd .elementor-heading-title{font-size:var( --e-global-typography-primary-font-size );}.elementor-3629 .elementor-element.elementor-element-c4f5eaa .elementor-heading-title{font-size:var( --e-global-typography-secondary-font-size );line-height:var( --e-global-typography-secondary-line-height );}.elementor-widget-text-editor{font-size:var( --e-global-typography-text-font-size );}.elementor-3629 .elementor-element.elementor-element-031d497{font-size:var( --e-global-typography-primary-font-size );}.elementor-3629 .elementor-element.elementor-element-031d497 > .elementor-widget-container{padding:3px 3px 3px 3px;}.elementor-widget-image .widget-image-caption{font-size:var( --e-global-typography-text-font-size );}}<\/style>\t\t<div data-elementor-type=\"loop-item\" data-elementor-id=\"3629\" class=\"elementor elementor-3629 e-loop-item e-loop-item-3809 post-3809 vystava type-vystava status-publish hentry\" data-elementor-settings=\"{&quot;ha_cmc_init_switcher&quot;:&quot;no&quot;}\" data-elementor-post-type=\"elementor_library\" data-custom-edit-handle=\"1\">\n\t\t\t\t\t<section class=\"elementor-section elementor-top-section elementor-element elementor-element-7c2a15f elementor-section-full_width elementor-section-height-default elementor-section-height-default wpr-particle-no wpr-jarallax-no wpr-parallax-no wpr-sticky-section-no\" data-id=\"7c2a15f\" data-element_type=\"section\" data-e-type=\"section\" data-settings=\"{&quot;background_background&quot;:&quot;classic&quot;,&quot;_ha_eqh_enable&quot;:false}\">\n\t\t\t\t\t\t<div class=\"elementor-container elementor-column-gap-no\">\n\t\t\t\t\t<div class=\"elementor-column elementor-col-100 elementor-top-column elementor-element elementor-element-2abda18\" data-id=\"2abda18\" data-element_type=\"column\" data-e-type=\"column\">\n\t\t\t<div class=\"elementor-widget-wrap elementor-element-populated\">\n\t\t\t\t\t\t<div class=\"elementor-element elementor-element-75917e8 elementor-widget elementor-widget-spacer\" data-id=\"75917e8\" data-element_type=\"widget\" data-e-type=\"widget\" data-widget_type=\"spacer.default\">\n\t\t\t\t<div class=\"elementor-widget-container\">\n\t\t\t\t\t\t\t<div class=\"elementor-spacer\">\n\t\t\t<div class=\"elementor-spacer-inner\"><\/div>\n\t\t<\/div>\n\t\t\t\t\t\t<\/div>\n\t\t\t\t<\/div>\n\t\t\t\t<div class=\"elementor-element elementor-element-85bf3dd elementor-widget elementor-widget-heading\" data-id=\"85bf3dd\" data-element_type=\"widget\" data-e-type=\"widget\" data-widget_type=\"heading.default\">\n\t\t\t\t<div class=\"elementor-widget-container\">\n\t\t\t\t\t<h2 class=\"elementor-heading-title elementor-size-default\">AKTU\u00c1LN\u00cd V\u00ddSTAVA<\/h2>\t\t\t\t<\/div>\n\t\t\t\t<\/div>\n\t\t\t\t<div class=\"elementor-element elementor-element-c4f5eaa elementor-widget elementor-widget-heading\" data-id=\"c4f5eaa\" data-element_type=\"widget\" data-e-type=\"widget\" data-widget_type=\"heading.default\">\n\t\t\t\t<div class=\"elementor-widget-container\">\n\t\t\t\t\t<h2 class=\"elementor-heading-title elementor-size-default\">Otte Wallish: Ze Znojma do Tel Avivu<\/h2>\t\t\t\t<\/div>\n\t\t\t\t<\/div>\n\t\t\t\t<div class=\"elementor-element elementor-element-71d232a elementor-widget elementor-widget-spacer\" data-id=\"71d232a\" data-element_type=\"widget\" data-e-type=\"widget\" data-widget_type=\"spacer.default\">\n\t\t\t\t<div class=\"elementor-widget-container\">\n\t\t\t\t\t\t\t<div class=\"elementor-spacer\">\n\t\t\t<div class=\"elementor-spacer-inner\"><\/div>\n\t\t<\/div>\n\t\t\t\t\t\t<\/div>\n\t\t\t\t<\/div>\n\t\t\t\t\t<\/div>\n\t\t<\/div>\n\t\t\t\t\t<\/div>\n\t\t<\/section>\n\t\t\t\t<section class=\"elementor-section elementor-top-section elementor-element elementor-element-e66b9cd elementor-section-full_width elementor-section-height-default elementor-section-height-default wpr-particle-no wpr-jarallax-no wpr-parallax-no wpr-sticky-section-no\" data-id=\"e66b9cd\" data-element_type=\"section\" data-e-type=\"section\" data-settings=\"{&quot;background_background&quot;:&quot;classic&quot;,&quot;_ha_eqh_enable&quot;:false}\">\n\t\t\t\t\t\t<div class=\"elementor-container elementor-column-gap-no\">\n\t\t\t\t\t<div class=\"elementor-column elementor-col-100 elementor-top-column elementor-element elementor-element-4b28174\" data-id=\"4b28174\" data-element_type=\"column\" data-e-type=\"column\">\n\t\t\t<div class=\"elementor-widget-wrap elementor-element-populated\">\n\t\t\t\t\t\t<div class=\"elementor-element elementor-element-f81ddaa elementor-widget elementor-widget-spacer\" data-id=\"f81ddaa\" data-element_type=\"widget\" data-e-type=\"widget\" data-widget_type=\"spacer.default\">\n\t\t\t\t<div class=\"elementor-widget-container\">\n\t\t\t\t\t\t\t<div class=\"elementor-spacer\">\n\t\t\t<div class=\"elementor-spacer-inner\"><\/div>\n\t\t<\/div>\n\t\t\t\t\t\t<\/div>\n\t\t\t\t<\/div>\n\t\t\t\t<section class=\"elementor-section elementor-inner-section elementor-element elementor-element-136c4f5 elementor-section-boxed elementor-section-height-default elementor-section-height-default wpr-particle-no wpr-jarallax-no wpr-parallax-no wpr-sticky-section-no\" data-id=\"136c4f5\" data-element_type=\"section\" data-e-type=\"section\" data-settings=\"{&quot;_ha_eqh_enable&quot;:false}\">\n\t\t\t\t\t\t<div class=\"elementor-container elementor-column-gap-default\">\n\t\t\t\t\t<div class=\"elementor-column elementor-col-50 elementor-inner-column elementor-element elementor-element-5b26b17\" data-id=\"5b26b17\" data-element_type=\"column\" data-e-type=\"column\">\n\t\t\t<div class=\"elementor-widget-wrap elementor-element-populated\">\n\t\t\t\t\t\t<div class=\"elementor-element elementor-element-031d497 elementor-widget elementor-widget-text-editor\" data-id=\"031d497\" data-element_type=\"widget\" data-e-type=\"widget\" data-widget_type=\"text-editor.default\">\n\t\t\t\t<div class=\"elementor-widget-container\">\n\t\t\t\t\t\t\t\t\tP\u0159edn\u00ed izraelsk\u00fd grafik Otte Wallish se narodil ve Znojm\u011b v roce 1906. Studoval na Akademii v\u00fdtvarn\u00fdch um\u011bn\u00ed ve V\u00eddni, na za\u010d\u00e1tku 30. let si v Praze otev\u0159el vlastn\u00ed grafick\u00e9 studio a pravideln\u011b spolupracoval s \u017didovsk\u00fdm n\u00e1rodn\u00edm fondem. Navrhoval p\u0159edev\u0161\u00edm reklamn\u00ed let\u00e1ky, filmov\u00e9 plak\u00e1ty a graficky upravoval knihy. V roce 1934 se p\u0159est\u011bhoval do mand\u00e1tn\u00ed Palestiny, kde pokra\u010doval ve sv\u00e9 tvorb\u011b. V roce 1948 graficky navrhl deklaraci nez\u00e1vislosti St\u00e1tu Izrael, d\u00e1le vytvo\u0159il prvn\u00ed izraelsk\u00e9 zn\u00e1mky, mince a pod\u00edlel se na n\u00e1vrhu znaku izraelsk\u00e9 policie. Vedle st\u00e1tn\u00edch zak\u00e1zek se v\u011bnoval tak\u00e9 komer\u010dn\u00edm projekt\u016fm \u2013 vytvo\u0159il n\u011bkolik tis\u00edc plak\u00e1t\u016f, p\u0159i\u010dem\u017e n\u011bkter\u00e9 z nich pat\u0159\u00ed k ikon\u00e1m grafick\u00e9ho designu v Izraeli. Vstupn\u00e9 dobrovoln\u00e9.\t\t\t\t\t\t\t\t<\/div>\n\t\t\t\t<\/div>\n\t\t\t\t\t<\/div>\n\t\t<\/div>\n\t\t\t\t<div class=\"elementor-column elementor-col-50 elementor-inner-column elementor-element elementor-element-455d34d\" data-id=\"455d34d\" data-element_type=\"column\" data-e-type=\"column\">\n\t\t\t<div class=\"elementor-widget-wrap elementor-element-populated\">\n\t\t\t\t\t\t<div class=\"elementor-element elementor-element-d5606ae elementor-widget__width-initial elementor-invisible elementor-widget elementor-widget-image\" data-id=\"d5606ae\" data-element_type=\"widget\" data-e-type=\"widget\" data-settings=\"{&quot;_animation&quot;:&quot;fadeInRight&quot;}\" data-widget_type=\"image.default\">\n\t\t\t\t<div class=\"elementor-widget-container\">\n\t\t\t\t\t\t\t\t\t\t\t\t\t\t\t<img fetchpriority=\"high\" decoding=\"async\" width=\"1654\" height=\"1654\" src=\"https:\/\/malymehrin.cz\/wp-content\/uploads\/2026\/03\/Wallish_Brno1.png\" class=\"attachment-full size-full wp-image-3941\" alt=\"\" srcset=\"https:\/\/malymehrin.cz\/wp-content\/uploads\/2026\/03\/Wallish_Brno1.png 1654w, https:\/\/malymehrin.cz\/wp-content\/uploads\/2026\/03\/Wallish_Brno1-300x300.png 300w, https:\/\/malymehrin.cz\/wp-content\/uploads\/2026\/03\/Wallish_Brno1-1024x1024.png 1024w, https:\/\/malymehrin.cz\/wp-content\/uploads\/2026\/03\/Wallish_Brno1-150x150.png 150w, https:\/\/malymehrin.cz\/wp-content\/uploads\/2026\/03\/Wallish_Brno1-768x768.png 768w, https:\/\/malymehrin.cz\/wp-content\/uploads\/2026\/03\/Wallish_Brno1-1536x1536.png 1536w, https:\/\/malymehrin.cz\/wp-content\/uploads\/2026\/03\/Wallish_Brno1-12x12.png 12w\" sizes=\"(max-width: 1654px) 100vw, 1654px\" \/>\t\t\t\t\t\t\t\t\t\t\t\t\t\t\t<\/div>\n\t\t\t\t<\/div>\n\t\t\t\t<div class=\"elementor-element elementor-element-d00ad68 elementor-widget elementor-widget-spacer\" data-id=\"d00ad68\" data-element_type=\"widget\" data-e-type=\"widget\" data-widget_type=\"spacer.default\">\n\t\t\t\t<div class=\"elementor-widget-container\">\n\t\t\t\t\t\t\t<div class=\"elementor-spacer\">\n\t\t\t<div class=\"elementor-spacer-inner\"><\/div>\n\t\t<\/div>\n\t\t\t\t\t\t<\/div>\n\t\t\t\t<\/div>\n\t\t\t\t\t<\/div>\n\t\t<\/div>\n\t\t\t\t\t<\/div>\n\t\t<\/section>\n\t\t\t\t<div class=\"elementor-element elementor-element-08210fe elementor-widget elementor-widget-spacer\" data-id=\"08210fe\" data-element_type=\"widget\" data-e-type=\"widget\" data-widget_type=\"spacer.default\">\n\t\t\t\t<div class=\"elementor-widget-container\">\n\t\t\t\t\t\t\t<div class=\"elementor-spacer\">\n\t\t\t<div class=\"elementor-spacer-inner\"><\/div>\n\t\t<\/div>\n\t\t\t\t\t\t<\/div>\n\t\t\t\t<\/div>\n\t\t\t\t\t<\/div>\n\t\t<\/div>\n\t\t\t\t\t<\/div>\n\t\t<\/section>\n\t\t\t\t<\/div>\n\t\t\t\t<\/div>\n\t\t\n\t\t\t\t\t\t<\/div>\n\t\t\t\t<\/div>\n\t\t\t\t\t<\/div>\n\t\t<\/div>\n\t\t\t\t\t<\/div>\n\t\t<\/section>\n\t\t\t\t<section class=\"elementor-section elementor-top-section elementor-element elementor-element-3d68153 elementor-section-boxed elementor-section-height-default elementor-section-height-default wpr-particle-no wpr-jarallax-no wpr-parallax-no wpr-sticky-section-no\" data-id=\"3d68153\" data-element_type=\"section\" data-e-type=\"section\" data-settings=\"{&quot;_ha_eqh_enable&quot;:false}\">\n\t\t\t\t\t\t<div class=\"elementor-container elementor-column-gap-default\">\n\t\t\t\t\t<div class=\"elementor-column elementor-col-100 elementor-top-column elementor-element elementor-element-c370648\" data-id=\"c370648\" data-element_type=\"column\" data-e-type=\"column\">\n\t\t\t<div class=\"elementor-widget-wrap elementor-element-populated\">\n\t\t\t\t\t\t<div class=\"elementor-element elementor-element-4136c1f elementor-widget elementor-widget-spacer\" data-id=\"4136c1f\" data-element_type=\"widget\" data-e-type=\"widget\" data-widget_type=\"spacer.default\">\n\t\t\t\t<div class=\"elementor-widget-container\">\n\t\t\t\t\t\t\t<div class=\"elementor-spacer\">\n\t\t\t<div class=\"elementor-spacer-inner\"><\/div>\n\t\t<\/div>\n\t\t\t\t\t\t<\/div>\n\t\t\t\t<\/div>\n\t\t\t\t\t<\/div>\n\t\t<\/div>\n\t\t\t\t\t<\/div>\n\t\t<\/section>\n\t\t\t\t<\/div>\n\t\t","protected":false},"excerpt":{"rendered":"","protected":false},"author":1,"featured_media":0,"parent":0,"menu_order":0,"comment_status":"closed","ping_status":"closed","template":"elementor_header_footer","meta":{"_acf_changed":false,"footnotes":""},"class_list":["post-128","page","type-page","status-publish","hentry"],"acf":[],"_links":{"self":[{"href":"https:\/\/malymehrin.cz\/ru\/wp-json\/wp\/v2\/pages\/128","targetHints":{"allow":["GET"]}}],"collection":[{"href":"https:\/\/malymehrin.cz\/ru\/wp-json\/wp\/v2\/pages"}],"about":[{"href":"https:\/\/malymehrin.cz\/ru\/wp-json\/wp\/v2\/types\/page"}],"author":[{"embeddable":true,"href":"https:\/\/malymehrin.cz\/ru\/wp-json\/wp\/v2\/users\/1"}],"replies":[{"embeddable":true,"href":"https:\/\/malymehrin.cz\/ru\/wp-json\/wp\/v2\/comments?post=128"}],"version-history":[{"count":89,"href":"https:\/\/malymehrin.cz\/ru\/wp-json\/wp\/v2\/pages\/128\/revisions"}],"predecessor-version":[{"id":3709,"href":"https:\/\/malymehrin.cz\/ru\/wp-json\/wp\/v2\/pages\/128\/revisions\/3709"}],"wp:attachment":[{"href":"https:\/\/malymehrin.cz\/ru\/wp-json\/wp\/v2\/media?parent=128"}],"curies":[{"name":"wp","href":"https:\/\/api.w.org\/{rel}","templated":true}]}}